{"id":439,"date":"2020-02-24T09:08:58","date_gmt":"2020-02-24T09:08:58","guid":{"rendered":"http:\/\/noesi.info\/?page_id=439"},"modified":"2020-02-24T09:43:41","modified_gmt":"2020-02-24T09:43:41","slug":"discovery-recovery-and-expression-of-creative-powers-and-talents","status":"publish","type":"page","link":"https:\/\/noesi.info\/it\/discovery-recovery-and-expression-of-creative-powers-and-talents\/","title":{"rendered":"Scoperta, recupero ed espressione di abilit\u00e0 e talenti creativi"},"content":{"rendered":"<div data-elementor-type=\"wp-page\" data-elementor-id=\"439\" class=\"elementor elementor-439\">\n\t\t\t\t\t\t\t\t\t<section class=\"elementor-section elementor-top-section elementor-element elementor-element-bed2046 elementor-section-boxed elementor-section-height-default elementor-section-height-default\" data-id=\"bed2046\" data-element_type=\"section\">\n\t\t\t\t\t\t<div class=\"elementor-container elementor-column-gap-default\">\n\t\t\t\t\t<div class=\"elementor-column elementor-col-100 elementor-top-column elementor-element elementor-element-2807f9a\" data-id=\"2807f9a\" data-element_type=\"column\">\n\t\t\t<div class=\"elementor-widget-wrap elementor-element-populated\">\n\t\t\t\t\t\t\t\t<div class=\"elementor-element elementor-element-6f3e213 elementor-widget elementor-widget-heading\" data-id=\"6f3e213\" data-element_type=\"widget\" data-widget_type=\"heading.default\">\n\t\t\t\t<div class=\"elementor-widget-container\">\n\t\t\t<h2 class=\"elementor-heading-title elementor-size-default\">SCOPERTA, RECUPERO E<br>MANIFESTAZIONE DI abilit\u00e0 E TALENTI CREATIVI<\/h2>\t\t<\/div>\n\t\t\t\t<\/div>\n\t\t\t\t\t<\/div>\n\t\t<\/div>\n\t\t\t\t\t\t\t<\/div>\n\t\t<\/section>\n\t\t\t\t<section class=\"elementor-section elementor-top-section elementor-element elementor-element-702bd8c elementor-section-boxed elementor-section-height-default elementor-section-height-default\" data-id=\"702bd8c\" data-element_type=\"section\">\n\t\t\t\t\t\t<div class=\"elementor-container elementor-column-gap-default\">\n\t\t\t\t\t<div class=\"elementor-column elementor-col-100 elementor-top-column elementor-element elementor-element-0cac247\" data-id=\"0cac247\" data-element_type=\"column\">\n\t\t\t<div class=\"elementor-widget-wrap elementor-element-populated\">\n\t\t\t\t\t\t\t\t<div class=\"elementor-element elementor-element-24f3a2a elementor-widget-divider--view-line elementor-widget elementor-widget-divider\" data-id=\"24f3a2a\" data-element_type=\"widget\" data-widget_type=\"divider.default\">\n\t\t\t\t<div class=\"elementor-widget-container\">\n\t\t\t\t\t<div class=\"elementor-divider\">\n\t\t\t<span class=\"elementor-divider-separator\">\n\t\t\t\t\t\t<\/span>\n\t\t<\/div>\n\t\t\t\t<\/div>\n\t\t\t\t<\/div>\n\t\t\t\t\t<\/div>\n\t\t<\/div>\n\t\t\t\t\t\t\t<\/div>\n\t\t<\/section>\n\t\t\t\t<section class=\"elementor-section elementor-top-section elementor-element elementor-element-79b2e40 elementor-section-boxed elementor-section-height-default elementor-section-height-default\" data-id=\"79b2e40\" data-element_type=\"section\">\n\t\t\t\t\t\t<div class=\"elementor-container elementor-column-gap-default\">\n\t\t\t\t\t<div class=\"elementor-column elementor-col-100 elementor-top-column elementor-element elementor-element-e0af76b\" data-id=\"e0af76b\" data-element_type=\"column\">\n\t\t\t<div class=\"elementor-widget-wrap elementor-element-populated\">\n\t\t\t\t\t\t\t\t<div class=\"elementor-element elementor-element-6ad2f54 elementor-widget elementor-widget-text-editor\" data-id=\"6ad2f54\" data-element_type=\"widget\" data-widget_type=\"text-editor.default\">\n\t\t\t\t<div class=\"elementor-widget-container\">\n\t\t\t\t\t\t\t<p style=\"text-align: center;\">Qualunque cosa riusciamo ad immaginare, siamo anche capaci di fare<\/p><p style=\"text-align: center;\"><em>Johann Wolfgang von Goethe<\/em><\/p>\t\t\t\t\t\t<\/div>\n\t\t\t\t<\/div>\n\t\t\t\t\t<\/div>\n\t\t<\/div>\n\t\t\t\t\t\t\t<\/div>\n\t\t<\/section>\n\t\t\t\t<section class=\"elementor-section elementor-top-section elementor-element elementor-element-a95778d elementor-section-boxed elementor-section-height-default elementor-section-height-default\" data-id=\"a95778d\" data-element_type=\"section\">\n\t\t\t\t\t\t<div class=\"elementor-container elementor-column-gap-default\">\n\t\t\t\t\t<div class=\"elementor-column elementor-col-100 elementor-top-column elementor-element elementor-element-0d4db81\" data-id=\"0d4db81\" data-element_type=\"column\">\n\t\t\t<div class=\"elementor-widget-wrap elementor-element-populated\">\n\t\t\t\t\t\t\t\t<div class=\"elementor-element elementor-element-f624ce7 elementor-widget elementor-widget-text-editor\" data-id=\"f624ce7\" data-element_type=\"widget\" data-widget_type=\"text-editor.default\">\n\t\t\t\t<div class=\"elementor-widget-container\">\n\t\t\t\t\t\t\t<p>\u201cQualsiasi azione, conscia o non-conscia, pensata o agita, teorica o concreta \u00e8 possibile solo se immaginata, desirata e, quindi, volute poich\u00e9 immaginata. Qualsiasi funzione somatica o comportamentale non pu\u00f2 ignorare una precedente funzione cerebrale e una precedente motivazione e funzione mentale, ma niente pu\u00f2 ignorare l\u2019immaginazione\". (Prof. Mario Scardino)<\/p><p>Molti di noi vorrebbero essere pi\u00f9 creativi, molti sentono di esserlo, ma non sanno come esprimere questa creativit\u00e0. I nostri sogni ci sfuggono. La nostra vita, a volte, ci appare piatta. Spesso abbiamo grandi idee, sogni magnifici, ma siamo incapaci di metterli in pratica. Bench\u00e9 non esistono soluzioni magiche o miracolose per risolvere dei problemi, \u00e8 possibile imparare come scoprire, recuperare e esprimere la propria creativit\u00e0, che ci permette di trovare le \u201cnostre\u201d soluzioni.<\/p><p>Come si pu\u00f2 imparare la creativit\u00e0?<span class=\"Apple-converted-space\">\u00a0<\/span><\/p><p>Poich\u00e9 l\u2019abilit\u00e0 creative \u00e8 innata in tutti, non si tratta di imparare la creativit\u00e0, bens\u00ec di imparare a permettere a se stessi di essere creative.<\/p><p>Questo approccio \u00e8 essenzialmente un approccio intuitivo, dove la creativit\u00e0 verr\u00e0 usata insieme a strumenti specifici, termini immaginativi e archetipi, che sono alla base del nostro funzionamento psichico. <span class=\"Apple-converted-space\">\u00a0<\/span><\/p><p>Si tratta di un approccio culturale e artistico, che, per\u00f2, non \u00e8 indirizzato necessariamente ad artisti. L\u2019et\u00e0 non \u00e8 importante, n\u00e9 la vita che avete scelto. Non \u00e8 mai troppo tardi o insensato lavorare sulla propria creativit\u00e0; il risultato pu\u00f2 anche on essere una carriera artistica, ma sicuramente porter\u00e0 ad una maggiore integrit\u00e0, ad una migliore consapevolezza di se e ad una maggiore abilit\u00e0 di usare in modo appropriato i propri talenti, capacit\u00e0 e abilit\u00e0 e il proprio sapere in modo vantaggioso.<\/p><p><br \/>La creativit\u00e0 \u00e8 inerente alla nostra natura e, se c\u2019\u00e8 un blocco alla creativit\u00e0 - e, penso che in certa misura, tutti noi abbiamo qualche blocco \u2013 \u00e8 possibile, persino probabile, che con l\u2019utilizzo di strumenti appropriati, possiamo identificare tali blocchi, liberarcene e imparare ad esprimerci in modo creativo e appagante. Con l\u2019esercizio, vengono create nuove sinapsi, nuove vie creative nella coscienza, che permettono alle nostre forze creative di manifestarsi pi\u00f9 liberamente.<\/p><p>Lavorando con mezzi specifici, che impareremo a conoscere nel corso dei prossimi mesi, daremo inizio a molteplici cambiamenti, di cui il principale sar\u00e0 l\u2019avvio delle esperienze di sincronicit\u00e0. La sincronicit\u00e0 \u00e8 un termine introdotto da Carl Gustav Jung, eminente psichiatra svizzero, nel 1950, per descrivere una connessione tra eventi psichici o oggettivi che avvengono simultaneamente o in tempi diversi \u2013 di cui uno \u00e8 attuale e l\u2019altro futuro \u2013 tra i quali, anche se non c\u2019\u00e8 una relazione causa-effetto ovvia, appare una comunanza di significato.<\/p><p>La creativit\u00e0 \u00e8 l\u2019ordine naturale della vita, ma cosa \u00e8 la vita? E\u2019 una questione che nel corso del della storia dell\u2019umanit\u00e0 si sono poste le menti migliori, senza, per\u00f2, riuscire a dare una risposta esauriente. Penso, comunque, che non sbaglier\u00f2 a dire che la vita \u00e8 energia, l\u2019energia creative dell\u2019energia vitale.<\/p><p>Penso che possiamo essere tutti d\u2019accordo che esiste una forza creativa inerente e innata in ogni forma di vita \u2013 inclusa quella umana. Quando ci apriamo alla nostra creativit\u00e0, ci apriamo a questa forza. Noi stessi siamo delle creazioni e noi, a nostra volta, diamo continuit\u00e0 alla creativit\u00e0 creando.<\/p><p>Quando esploriamo la nostra creativit\u00e0, entriamo nel flusso naturale della vita, aprendoci alla nostra naturale creativit\u00e0, delicatamente ma anche potentemente, diamo inizio a moltissimi cambiamenti.<\/p><p>I nostri bisogni e sogni creativi provengono da una fonte profonda e quando gli Andiamo incontro, di fatto Andiamo verso la fonte del nostro benessere.<\/p><p>Oltre ad incontri settimanali, questa ricerca comprende anche dei compiti da svolgere a casa. La maggior parte di questi compiti richiede solo un po\u2019 del Vostro tempo. Se non riuscite a completare tutti i compiti, provate a farne almeno la met\u00e0 e in un secondo momento potrete completare anche gli altri. Scegliete I compiti che vi piacciono di pi\u00f9 e quelli che vi piacciono di meno, mentre quelli neutri li lascerete per un altro momento. Ricordate che ci\u00f2 che resistiamo di pi\u00f9, \u00e8 ci\u00f2 che pi\u00f9 abbiamo bisogno di affrontare e, prima o poi, lo dovremo fare. Trovate troppo difficile trovare un\u2019ora di tempo, o anche un po\u2019 di pi\u00f9, ogni giorno per voi stessi? Chiedetevi se sia possibile e giusto non trovare un\u2019ora da dedicare ad un percorso di conoscenza di se che pu\u00f2 darvi risultati straordinari, se non addirittura cambiare la vostra vita?<\/p><p>Ci\u00f2 che vi propongo non \u00e8 una via completamente indolore. Durante le prime settimane, ci potrebbero essere dei momenti di dubbio, di smarrimento, di rabbia, di lutto, di resistenza, alternate a momenti di speranza, di gioia, persino di euforia. E\u2019 come partorire se stessi ad una nuova vita e, come nel parto, ci saranno delle sequenze di contrazione e di espansione, nelle quali oscilleremo tra scetticismo difensivo e intense appagamento. Potreste anche provare una forte spinta di abbandonare tutto e di tornare alla vita di prima \u2013 \u00e8 il momento della negoziazione. E\u2019 un momento cruciale perch\u00e9 scegliere di proseguire conduce ad un\u2019importante resa dell\u2019ego, seguita dalla nascita di un nuovo senso di se, caratterizzato da una maggiore autonomia, da maggiore resilienza e da una maggiore abilit\u00e0 di creare e manifestare dei veri progetti creative.<\/p><p>E\u2019 un percorso emozionalmente molto intense. Quando ci impegniamo a recuperare la nostra creativit\u00e0, entriamo in un processo di ritiro, di distacco, come nella meditazione, entriamo in un processo di ritiro, di distacco, come nella meditazione, per esempio. Questo distanziamento ci permette di avere una visione globale della nostra esistenza e ci facilita la scelta del nostro percorso creativo. E\u2019 un come attraversare un ambiente difficile ma affascinante per raggiungere una vetta da cui avere un panorama spettacolare.<\/p><p>It is an emotionally a very intense path. When we engage in the recovery of our creativity we enter a process of withdrawal, of detachment, as in meditation, for example. This distancing us allows us to have a global vision of our existence, facilitating the choice of our creative path. It is a bit like going across difficult but fascinating environments to reach a higher position, from which to enjoy a spectacular panorama.<\/p><p>Gli incontri sono a tema e ad ogni tema sono dedicati due incontri di 90 minuti ognuno. L\u2019intero percorso dura 50 settimane con incontri settimanali e termina con un weekend esperenziale.<\/p>\t\t\t\t\t\t<\/div>\n\t\t\t\t<\/div>\n\t\t\t\t\t<\/div>\n\t\t<\/div>\n\t\t\t\t\t\t\t<\/div>\n\t\t<\/section>\n\t\t\t\t\t\t\t<\/div>","protected":false},"excerpt":{"rendered":"<p>Discovery, Recovery andExpression of Creative Power Anything We Are Able To Imagine, We Are Capable Of Doing Johann Wolfgang von Goethe \u201cAny action, conscious or unconscious, thought or experienced, theoretical or concrete is possible only if imagined, desired and, therefore, wanted because imagined. Any somatic function or behavior cannot disregard a previous brain function and [&hellip;]<\/p>","protected":false},"author":1,"featured_media":0,"parent":0,"menu_order":0,"comment_status":"closed","ping_status":"closed","template":"","meta":[],"_links":{"self":[{"href":"https:\/\/noesi.info\/it\/wp-json\/wp\/v2\/pages\/439"}],"collection":[{"href":"https:\/\/noesi.info\/it\/wp-json\/wp\/v2\/pages"}],"about":[{"href":"https:\/\/noesi.info\/it\/wp-json\/wp\/v2\/types\/page"}],"author":[{"embeddable":true,"href":"https:\/\/noesi.info\/it\/wp-json\/wp\/v2\/users\/1"}],"replies":[{"embeddable":true,"href":"https:\/\/noesi.info\/it\/wp-json\/wp\/v2\/comments?post=439"}],"version-history":[{"count":7,"href":"https:\/\/noesi.info\/it\/wp-json\/wp\/v2\/pages\/439\/revisions"}],"predecessor-version":[{"id":461,"href":"https:\/\/noesi.info\/it\/wp-json\/wp\/v2\/pages\/439\/revisions\/461"}],"wp:attachment":[{"href":"https:\/\/noesi.info\/it\/wp-json\/wp\/v2\/media?parent=439"}],"curies":[{"name":"wp","href":"https:\/\/api.w.org\/{rel}","templated":true}]}}