{"id":441,"date":"2020-02-24T09:09:57","date_gmt":"2020-02-24T09:09:57","guid":{"rendered":"http:\/\/noesi.info\/?page_id=441"},"modified":"2020-02-24T09:49:00","modified_gmt":"2020-02-24T09:49:00","slug":"the-stories-of-our-life","status":"publish","type":"page","link":"https:\/\/noesi.info\/it\/the-stories-of-our-life\/","title":{"rendered":"Le storie della nostra vita"},"content":{"rendered":"<div data-elementor-type=\"wp-page\" data-elementor-id=\"441\" class=\"elementor elementor-441\">\n\t\t\t\t\t\t\t\t\t<section class=\"elementor-section elementor-top-section elementor-element elementor-element-33cbf70 elementor-section-boxed elementor-section-height-default elementor-section-height-default\" data-id=\"33cbf70\" data-element_type=\"section\">\n\t\t\t\t\t\t<div class=\"elementor-container elementor-column-gap-default\">\n\t\t\t\t\t<div class=\"elementor-column elementor-col-100 elementor-top-column elementor-element elementor-element-9829b72\" data-id=\"9829b72\" data-element_type=\"column\">\n\t\t\t<div class=\"elementor-widget-wrap elementor-element-populated\">\n\t\t\t\t\t\t\t\t<div class=\"elementor-element elementor-element-cf12421 elementor-widget elementor-widget-heading\" data-id=\"cf12421\" data-element_type=\"widget\" data-widget_type=\"heading.default\">\n\t\t\t\t<div class=\"elementor-widget-container\">\n\t\t\t<h2 class=\"elementor-heading-title elementor-size-default\">le storie della nostra vita<\/h2>\t\t<\/div>\n\t\t\t\t<\/div>\n\t\t\t\t\t<\/div>\n\t\t<\/div>\n\t\t\t\t\t\t\t<\/div>\n\t\t<\/section>\n\t\t\t\t<section class=\"elementor-section elementor-top-section elementor-element elementor-element-93a6789 elementor-section-boxed elementor-section-height-default elementor-section-height-default\" data-id=\"93a6789\" data-element_type=\"section\">\n\t\t\t\t\t\t<div class=\"elementor-container elementor-column-gap-default\">\n\t\t\t\t\t<div class=\"elementor-column elementor-col-100 elementor-top-column elementor-element elementor-element-1f42e0a\" data-id=\"1f42e0a\" data-element_type=\"column\">\n\t\t\t<div class=\"elementor-widget-wrap elementor-element-populated\">\n\t\t\t\t\t\t\t\t<div class=\"elementor-element elementor-element-5555117 elementor-widget-divider--view-line elementor-widget elementor-widget-divider\" data-id=\"5555117\" data-element_type=\"widget\" data-widget_type=\"divider.default\">\n\t\t\t\t<div class=\"elementor-widget-container\">\n\t\t\t\t\t<div class=\"elementor-divider\">\n\t\t\t<span class=\"elementor-divider-separator\">\n\t\t\t\t\t\t<\/span>\n\t\t<\/div>\n\t\t\t\t<\/div>\n\t\t\t\t<\/div>\n\t\t\t\t\t<\/div>\n\t\t<\/div>\n\t\t\t\t\t\t\t<\/div>\n\t\t<\/section>\n\t\t\t\t<section class=\"elementor-section elementor-top-section elementor-element elementor-element-72f2f28 elementor-section-boxed elementor-section-height-default elementor-section-height-default\" data-id=\"72f2f28\" data-element_type=\"section\">\n\t\t\t\t\t\t<div class=\"elementor-container elementor-column-gap-default\">\n\t\t\t\t\t<div class=\"elementor-column elementor-col-100 elementor-top-column elementor-element elementor-element-9670b2e\" data-id=\"9670b2e\" data-element_type=\"column\">\n\t\t\t<div class=\"elementor-widget-wrap elementor-element-populated\">\n\t\t\t\t\t\t\t\t<div class=\"elementor-element elementor-element-b1ae716 elementor-widget elementor-widget-text-editor\" data-id=\"b1ae716\" data-element_type=\"widget\" data-widget_type=\"text-editor.default\">\n\t\t\t\t<div class=\"elementor-widget-container\">\n\t\t\t\t\t\t\t<p>Siamo tutti narratori inaffidabili delle nostre stesse vite, ma le nostre storie non sono deliberatamente fuorvianti. In generale, crediamo che ci\u00f2 che pensiamo o diciamo sia vero, almeno dal nostro punto di vista attuale. Questo ovviamente influenza ci\u00f2 che enfatizziamo o minimizziamo, ci\u00f2 che raccontiamo o tralasciamo, ci\u00f2 in cui vogliamo credere o non credere e ci\u00f2 in cui vogliamo che gli altri credano o non credano. Ci raccontiamo storie in continuazione: sono spiegazioni che diamo a noi stessi, e ad altri, di qualsiasi cosa, di qualsiasi esperienza, opinione o credenza. Queste storie ci aiutano a dare un senso alla nostra vita, ma cosa succede quando le nostre storie sono fuorvianti o quando non sono fedeli alle esperienze oggettivamente vissute, quando sono incomplete o semplicemente sbagliate? E cosa dire delle storie che raccontiamo ai livelli pi\u00f9 profondi della nostra mente, storie che non raggiungono la nostra consapevolezza, ma che costruiscono l'immagine che abbiamo di noi stessi e condizionano la nostra azione in ogni aspetto della nostra vita? Ci tengono bloccati, imprigionati, incapaci di progredire come vorremmo.<\/p><p>Pensiamo che siano le circostanze a modellare le nostre storie, ma la verit\u00e0 \u00e8 che \u00e8 il modo in cui raccontiamo la nostra vita che modella la nostra esistenza. Ci\u00f2 significa che, s\u00ec, le storie che raccontiamo sono potenti e che possono essere pericolose e rovinare la nostra vita, ma anche che se cambiamo la nostra narrativa, possiamo cambiare anche la nostra vita!<\/p><p>Le nostre storie si svolgono attorno ai nostri modelli mentali, generalmente costruiti nella prima infanzia, quando non addirittura nella fase intrauterina della nostra vita, e che hanno un controllo quasi esclusivo sul nostro comportamento abituale. Considerate, tuttavia, che quasi tutto il nostro comportamento \u00e8 abituale!!!<\/p><p>Oggi parliamo molto della conoscenza di noi stessi, ma parte di questa conoscenza di noi stessi consiste nel \u201csconoscersi\u201d e lasciar andare le storie che abbiamo raccontato a noi stessi, in modo da poter vivere la nostra vita e non le storie sulla nostra vita che abbiamo raccontato.<\/p><p>Ognuno di noi pu\u00f2 scrivere solo la propria storia e tutto ci\u00f2 di cui abbiamo bisogno \u00e8 uno strumento adeguato. Il mio compito non \u00e8 quello di decidere per gli altri, ma posso aiutarli a capire cosa vogliono veramente e fornire gli strumenti necessari.<\/p><p>Questo \u00e8 il motivo per cui propongo di iniziare insieme la narrazione della vostra vita passata e futura con storie che non sono pi\u00f9 sminuenti e dolorose e che inibiscono il vostro progresso e la vostra evoluzione, ma storie che aiutano ad essere ci\u00f2 per cui siete nati.<span class=\"Apple-converted-space\">\u00a0 <\/span>Poich\u00e9 le nostre storie si svolgono sempre nel mondo in cui viviamo, quindi, sempre in relazione con gli altri, scopriremo e racconteremo le nostre nuove storie in un gruppo, insieme ad altri, insieme al mondo di cui facciamo parte e che fa parte di noi.<\/p><p>Gli incontri, che saranno settimanali e dureranno due ore; si terranno dalle 18.00 alle 20.00 a Roma, Piazza Lotario 8, scala a destra, 3 \u00b0 piano, presso lo studio Crea.<\/p><p>Gli incontri, che saranno settimanali e dureranno due ore; si terranno dalle 18.00 alle 20.00 a Roma, Piazza Lotario 8, scala a destra, 3 \u00b0 piano, presso lo studio Crea.<\/p><p>Il costo mensile \u00e8 di 200 euro.<\/p><p>Per iscriverti scrivi a: contact@noesi.info\nOppure a:\t        claudiajanpugliese@gmail.com<\/p><p>Inizieremo non appena avremo raggiunto un numero adeguato di adesioni.<\/p>\t\t\t\t\t\t<\/div>\n\t\t\t\t<\/div>\n\t\t\t\t\t<\/div>\n\t\t<\/div>\n\t\t\t\t\t\t\t<\/div>\n\t\t<\/section>\n\t\t\t\t\t\t\t<\/div>","protected":false},"excerpt":{"rendered":"<p>the stories of our life We are all unreliable narrators of our own lives, but our stories are not deliberately misleading. Generally, we believe that what we think or say is true, at least from our own current point of view. This obviously influences what we emphasize or minimize, what we put in or leave [&hellip;]<\/p>","protected":false},"author":1,"featured_media":0,"parent":0,"menu_order":0,"comment_status":"closed","ping_status":"closed","template":"","meta":[],"_links":{"self":[{"href":"https:\/\/noesi.info\/it\/wp-json\/wp\/v2\/pages\/441"}],"collection":[{"href":"https:\/\/noesi.info\/it\/wp-json\/wp\/v2\/pages"}],"about":[{"href":"https:\/\/noesi.info\/it\/wp-json\/wp\/v2\/types\/page"}],"author":[{"embeddable":true,"href":"https:\/\/noesi.info\/it\/wp-json\/wp\/v2\/users\/1"}],"replies":[{"embeddable":true,"href":"https:\/\/noesi.info\/it\/wp-json\/wp\/v2\/comments?post=441"}],"version-history":[{"count":3,"href":"https:\/\/noesi.info\/it\/wp-json\/wp\/v2\/pages\/441\/revisions"}],"predecessor-version":[{"id":463,"href":"https:\/\/noesi.info\/it\/wp-json\/wp\/v2\/pages\/441\/revisions\/463"}],"wp:attachment":[{"href":"https:\/\/noesi.info\/it\/wp-json\/wp\/v2\/media?parent=441"}],"curies":[{"name":"wp","href":"https:\/\/api.w.org\/{rel}","templated":true}]}}