{"id":443,"date":"2020-02-24T09:11:25","date_gmt":"2020-02-24T09:11:25","guid":{"rendered":"http:\/\/noesi.info\/?page_id=443"},"modified":"2020-02-24T09:53:17","modified_gmt":"2020-02-24T09:53:17","slug":"seminar-on-childbirth-and-parenthood","status":"publish","type":"page","link":"https:\/\/noesi.info\/it\/seminar-on-childbirth-and-parenthood\/","title":{"rendered":"Seminario su parto e genitorialit\u00e0"},"content":{"rendered":"<div data-elementor-type=\"wp-page\" data-elementor-id=\"443\" class=\"elementor elementor-443\">\n\t\t\t\t\t\t\t\t\t<section class=\"elementor-section elementor-top-section elementor-element elementor-element-e9582be elementor-section-boxed elementor-section-height-default elementor-section-height-default\" data-id=\"e9582be\" data-element_type=\"section\">\n\t\t\t\t\t\t<div class=\"elementor-container elementor-column-gap-default\">\n\t\t\t\t\t<div class=\"elementor-column elementor-col-100 elementor-top-column elementor-element elementor-element-8b6195e\" data-id=\"8b6195e\" data-element_type=\"column\">\n\t\t\t<div class=\"elementor-widget-wrap elementor-element-populated\">\n\t\t\t\t\t\t\t\t<div class=\"elementor-element elementor-element-9ac7cab elementor-widget elementor-widget-heading\" data-id=\"9ac7cab\" data-element_type=\"widget\" data-widget_type=\"heading.default\">\n\t\t\t\t<div class=\"elementor-widget-container\">\n\t\t\t<h2 class=\"elementor-heading-title elementor-size-default\">SEMINARIO SUL PARTO, LA NASCITA\u2019 E LA GENITORIALITA\u2019<\/h2>\t\t<\/div>\n\t\t\t\t<\/div>\n\t\t\t\t\t<\/div>\n\t\t<\/div>\n\t\t\t\t\t\t\t<\/div>\n\t\t<\/section>\n\t\t\t\t<section class=\"elementor-section elementor-top-section elementor-element elementor-element-879c0aa elementor-section-boxed elementor-section-height-default elementor-section-height-default\" data-id=\"879c0aa\" data-element_type=\"section\">\n\t\t\t\t\t\t<div class=\"elementor-container elementor-column-gap-default\">\n\t\t\t\t\t<div class=\"elementor-column elementor-col-100 elementor-top-column elementor-element elementor-element-8bf5788\" data-id=\"8bf5788\" data-element_type=\"column\">\n\t\t\t<div class=\"elementor-widget-wrap elementor-element-populated\">\n\t\t\t\t\t\t\t\t<div class=\"elementor-element elementor-element-b03fd99 elementor-widget-divider--view-line elementor-widget elementor-widget-divider\" data-id=\"b03fd99\" data-element_type=\"widget\" data-widget_type=\"divider.default\">\n\t\t\t\t<div class=\"elementor-widget-container\">\n\t\t\t\t\t<div class=\"elementor-divider\">\n\t\t\t<span class=\"elementor-divider-separator\">\n\t\t\t\t\t\t<\/span>\n\t\t<\/div>\n\t\t\t\t<\/div>\n\t\t\t\t<\/div>\n\t\t\t\t\t<\/div>\n\t\t<\/div>\n\t\t\t\t\t\t\t<\/div>\n\t\t<\/section>\n\t\t\t\t<section class=\"elementor-section elementor-top-section elementor-element elementor-element-8e86e73 elementor-section-boxed elementor-section-height-default elementor-section-height-default\" data-id=\"8e86e73\" data-element_type=\"section\">\n\t\t\t\t\t\t<div class=\"elementor-container elementor-column-gap-default\">\n\t\t\t\t\t<div class=\"elementor-column elementor-col-100 elementor-top-column elementor-element elementor-element-f325596\" data-id=\"f325596\" data-element_type=\"column\">\n\t\t\t<div class=\"elementor-widget-wrap elementor-element-populated\">\n\t\t\t\t\t\t\t\t<div class=\"elementor-element elementor-element-48b60ca elementor-widget elementor-widget-text-editor\" data-id=\"48b60ca\" data-element_type=\"widget\" data-widget_type=\"text-editor.default\">\n\t\t\t\t<div class=\"elementor-widget-container\">\n\t\t\t\t\t\t\t<p>Le parole sopra l'entrata all'oracolo di Delfi \"L'uomo conosci te stesso\" sono ancora i migliori consigli per tutta l'umanit\u00e0, quindi penso che sia giunto il momento di condividere ci\u00f2 che abbiamo imparato finora.<span class=\"Apple-converted-space\">\u00a0<\/span><\/p><p>Lo studio e la scoperta sono essenziali in qualsiasi campo e insegnare agli altri e preparare pi\u00f9 professionisti in grado di applicare e diffondere la conoscenza \u00e8 molto importante, ma credo anche che, a meno che questa conoscenza non sia effettivamente implementata, le scoperte e le conoscenze nella psicologia prenatale rimarranno solo un privilegio di una piccola minoranza.<\/p><p>Aiutare le persone a risolvere i loro problemi \u00e8 meraviglioso, ma ci\u00f2 che \u00e8 ancora pi\u00f9 meraviglioso \u00e8 la possibilit\u00e0 di evitarli.<span class=\"Apple-converted-space\">\u00a0<\/span><\/p><p>Ho l'ambizione di contribuire a creare qualcosa che possa veramente aiutare il nostro mondo travagliato a una vita nuova e sana. Questo \u00e8 un momento di grandi contrasti e di straordinarie possibilit\u00e0 e, se possiamo aiutare a portare nel mondo bambini che sono stati desiderati, amati e curati anche prima che fossero concepiti, allora, credo, potremmo sperare di avere cittadini che non avranno pi\u00f9 bisogno di mettersi alla prova attraverso la competizione e talvolta anche attraverso la guerra per sentirsi degni o potenti.<\/p><p>Sto parlando di empowerment, di potenziamento. Non esiste potere maggiore della conoscenza e sto parlando di potenziare le persone attraverso l'autoconoscenza per creare e vivere una vita felice e sana, che \u00e8 il loro diritto di nascita.<span class=\"Apple-converted-space\">\u00a0<\/span><\/p><p>Sebbene l'importanza della figura paterna sia ben riconosciuta, l'importanza della relazione intrauterina tra la madre e il bambino nel suo grembo non ha rivali.<span class=\"Apple-converted-space\">\u00a0<\/span><\/p><p>La funzione materno-riproduttiva fa parte dell'essenza biologica di una donna, \u00e8 radicata nella sua natura pi\u00f9 profonda, indipendente da ogni possibile variabile esterna, la quale tuttavia pu\u00f2 influenzarla. Ovviamente, l'influenza storica o culturale pu\u00f2 essere rilevante, ma c'\u00e8 qualcosa di atavico che precede qualsiasi tradizione e che addirittura anticipa e determina la tradizione stessa.<span class=\"Apple-converted-space\">\u00a0<\/span><\/p><p>In sostanza, una donna \u00e8 una fonte di vita e una garanzia della continuazione della specie.<\/p><p>Il mio interesse per la centralit\u00e0 della relazione intrauterina, cio\u00e8 della relazione donna-madre-feto durante i nove mesi di gravidanza, deriva dalla convinzione che TUTTO NASCE DALLA NASCITA. Credo che questo sia un periodo fondamentale dell'imprinting psicologico in cui ha luogo la formazione dei tratti della personalit\u00e0 e lo stile di attaccamento affettivo, ma anche la nidificazione di potenziali nuclei patogeni nel feto. \u00c8 in questa fase delicata e unica della vita che si \"forma\" il cervello, il sistema nervoso del futuro essere umano, questa \u00e8 la \"vera\" nascita, la nascita verticale e individualizzata, mentre l'uscita dalla nascita dell'utero materno sar\u00e0 la nascita orizzontale e familiale e, successivamente, nella pubert\u00e0, ci sar\u00e0 la nascita sociale.<\/p><p>\u00c8 ovvio che se possiamo proteggere le donne durante la gravidanza, possiamo effettivamente proteggere la relazione intrauterina e, quindi, il nuovo essere umano che sta crescendo nel grembo materno. Questo \u00e8 lo scopo della prevenzione primaria. Credo che qualsiasi altro programma di prevenzione o trattamento, ad esempio nell'adolescenza o in seguito, non importa quanto utile, avr\u00e0 sempre un gap temporale e svolger\u00e0 solo una funzione riparativa perch\u00e9 agir\u00e0 su un corpo in cui sono stati strutturati possibili meccanismi patologici in un periodo molto precedente. \u00c8 fin troppo ovvio che individui sani formano societ\u00e0 sane, mentre individui malsani formano societ\u00e0 malsane e, posso ricordare che secondo l'OMS la salute non \u00e8 solo l'assenza di malattia, \u00e8 benessere fisico, psicologico e sociale.<\/p><p>Quali sono gli strumenti che usiamo?<\/p><p>Nella mia pratica, ho usato con successo gli strumenti offerti dalla psicologia, filosofia &amp; educazione del S\u00e9-Intero, combinandola con le nuove scoperte delle neuroscienze e insegnamenti collegati alla fisica quantistica, nonch\u00e9 con uno speciale strumento psicoterapico sviluppato molti anni fa presso la Clinica Ginecologica dell'ospedale universitario di Roma, Umberto I \u00b0 dall\u2019equipe di psicologia clinica del Prof. Mario Scardino.<span class=\"Apple-converted-space\">\u00a0<\/span><\/p><p>L'ipnosi gruppo-analitica \u00e8 una tecnica che offre a tutti i partecipanti (donne e uomini) l'opportunit\u00e0 di regredire e rivivere qualsiasi periodo della loro vita, compreso il periodo intrauterino e l'esperienza della loro nascita, per verbalizzare, decodificare ed elaborare esperienze emotive che normalmente rimangono inconsce e sconosciute. Esperienze emotive inconsce e sconosciute possono essere proiettate sul feto e diventare manifestazioni psicosomatiche nella prima infanzia, nell'adolescenza e nell'et\u00e0 adulta. Ovviamente, la proiezione avviene attraverso la relazione madre-feto, ma il padre fa parte della vita della madre, quindi anche le sue esperienze hanno un impatto sul feto. L'autoipnosi praticata nel gruppo ha un obiettivo preventivo poich\u00e9 consente alle donne di \"prepararsi\" al parto non esclusivamente e prevalentemente su un piano muscolare, ma in un senso molto pi\u00f9 ampio, a livello psicologico-emotivo e relazionale, garantendo che sia l'ultimo momento di un processo cognitivo (madre-figlio) iniziato molto prima; offre non solo uno strumento di preparazione al parto, ma anche alla maternit\u00e0 e la paternit\u00e0 in senso lato, proteggendo e supportando i genitori nella loro complessa esperienza di custodi dell'umanit\u00e0 e garantendo al nascituro la possibilit\u00e0 di un futuro benessere psico-fisico, frutto della relazione emotivo-affettiva ricevuta nei nove mesi di vita intrauterina.<\/p><p>Come si svolge questo processo?<\/p><p>Tutti i partecipanti devono prima sperimentare un'analisi della matrice pre e perinatale (PPAM) e l\u2019analisi degli Echi multidimensionali della memoria (MDEMA). La sessione, che dura due ore, inizia con informazioni relative agli aspetti biologici e fisici della gravidanza e allo sviluppo del feto e alla discussione di problematiche scoperte nel loro PPAM o EMDMA. Nella seconda mezz\u2019ora tutti i partecipanti parlano di qualcosa che hanno vissuto durante la settimana passata o di qualcosa che per loro \u00e8 significativo, mentre la terza mezz'ora \u00e8 dedicata alla regressione e l'ultima mezz'ora \u00e8 dedicata alla condivisione dell'esperienza regressiva e alla discussione dell'impatto di ci\u00f2 che avevano sperimentato durante la sessione sulla consapevolezza di s\u00e9 e sulla loro vita nella loro comunit\u00e0.<span class=\"Apple-converted-space\">\u00a0<\/span><\/p><p>I partecipanti non sono necessariamente solo madri e padri in attesa; gli incontri sono aperti a chiunque intenda diventare un genitore ad un certo punto della loro vita o che ha difficolt\u00e0 a diventarlo. Idealmente, la prevenzione dovrebbe iniziare gi\u00e0 durante l'adolescenza.<\/p>\t\t\t\t\t\t<\/div>\n\t\t\t\t<\/div>\n\t\t\t\t\t<\/div>\n\t\t<\/div>\n\t\t\t\t\t\t\t<\/div>\n\t\t<\/section>\n\t\t\t\t\t\t\t<\/div>","protected":false},"excerpt":{"rendered":"<p>seminar on childbirth and parenthood The words above the entrance to Delphi\u2019s Oracle \u201cMan know thy self\u201d are still the best of advice for all of humanity, so, I think it is high time to share what we have learnt so far.\u00a0 Study and discovery are essential in any field and teaching others and preparing [&hellip;]<\/p>","protected":false},"author":1,"featured_media":0,"parent":0,"menu_order":0,"comment_status":"closed","ping_status":"closed","template":"","meta":[],"_links":{"self":[{"href":"https:\/\/noesi.info\/it\/wp-json\/wp\/v2\/pages\/443"}],"collection":[{"href":"https:\/\/noesi.info\/it\/wp-json\/wp\/v2\/pages"}],"about":[{"href":"https:\/\/noesi.info\/it\/wp-json\/wp\/v2\/types\/page"}],"author":[{"embeddable":true,"href":"https:\/\/noesi.info\/it\/wp-json\/wp\/v2\/users\/1"}],"replies":[{"embeddable":true,"href":"https:\/\/noesi.info\/it\/wp-json\/wp\/v2\/comments?post=443"}],"version-history":[{"count":2,"href":"https:\/\/noesi.info\/it\/wp-json\/wp\/v2\/pages\/443\/revisions"}],"predecessor-version":[{"id":464,"href":"https:\/\/noesi.info\/it\/wp-json\/wp\/v2\/pages\/443\/revisions\/464"}],"wp:attachment":[{"href":"https:\/\/noesi.info\/it\/wp-json\/wp\/v2\/media?parent=443"}],"curies":[{"name":"wp","href":"https:\/\/api.w.org\/{rel}","templated":true}]}}