{"id":445,"date":"2020-02-24T09:13:02","date_gmt":"2020-02-24T09:13:02","guid":{"rendered":"http:\/\/noesi.info\/?page_id=445"},"modified":"2020-02-24T10:22:20","modified_gmt":"2020-02-24T10:22:20","slug":"permanent-course-for-preparation-for-birth-and-parenthood","status":"publish","type":"page","link":"https:\/\/noesi.info\/it\/permanent-course-for-preparation-for-birth-and-parenthood\/","title":{"rendered":"Corso permanente per la preparazione al parto e alla genitorialit\u00e0"},"content":{"rendered":"<div data-elementor-type=\"wp-page\" data-elementor-id=\"445\" class=\"elementor elementor-445\">\n\t\t\t\t\t\t\t\t\t<section class=\"elementor-section elementor-top-section elementor-element elementor-element-6046091 elementor-section-boxed elementor-section-height-default elementor-section-height-default\" data-id=\"6046091\" data-element_type=\"section\">\n\t\t\t\t\t\t<div class=\"elementor-container elementor-column-gap-default\">\n\t\t\t\t\t<div class=\"elementor-column elementor-col-100 elementor-top-column elementor-element elementor-element-f5899b4\" data-id=\"f5899b4\" data-element_type=\"column\">\n\t\t\t<div class=\"elementor-widget-wrap elementor-element-populated\">\n\t\t\t\t\t\t\t\t<div class=\"elementor-element elementor-element-1e82c4f elementor-widget elementor-widget-heading\" data-id=\"1e82c4f\" data-element_type=\"widget\" data-widget_type=\"heading.default\">\n\t\t\t\t<div class=\"elementor-widget-container\">\n\t\t\t<h2 class=\"elementor-heading-title elementor-size-default\">CORSO PERMANENTE PER LA PREPARAZIONE\nPER IL PARTO E LA GENITORIALITA\u2019<\/h2>\t\t<\/div>\n\t\t\t\t<\/div>\n\t\t\t\t\t<\/div>\n\t\t<\/div>\n\t\t\t\t\t\t\t<\/div>\n\t\t<\/section>\n\t\t\t\t<section class=\"elementor-section elementor-top-section elementor-element elementor-element-d16a05b elementor-section-boxed elementor-section-height-default elementor-section-height-default\" data-id=\"d16a05b\" data-element_type=\"section\">\n\t\t\t\t\t\t<div class=\"elementor-container elementor-column-gap-default\">\n\t\t\t\t\t<div class=\"elementor-column elementor-col-100 elementor-top-column elementor-element elementor-element-b1ba852\" data-id=\"b1ba852\" data-element_type=\"column\">\n\t\t\t<div class=\"elementor-widget-wrap elementor-element-populated\">\n\t\t\t\t\t\t\t\t<div class=\"elementor-element elementor-element-f905e14 elementor-widget-divider--view-line elementor-widget elementor-widget-divider\" data-id=\"f905e14\" data-element_type=\"widget\" data-widget_type=\"divider.default\">\n\t\t\t\t<div class=\"elementor-widget-container\">\n\t\t\t\t\t<div class=\"elementor-divider\">\n\t\t\t<span class=\"elementor-divider-separator\">\n\t\t\t\t\t\t<\/span>\n\t\t<\/div>\n\t\t\t\t<\/div>\n\t\t\t\t<\/div>\n\t\t\t\t\t<\/div>\n\t\t<\/div>\n\t\t\t\t\t\t\t<\/div>\n\t\t<\/section>\n\t\t\t\t<section class=\"elementor-section elementor-top-section elementor-element elementor-element-eb9aece elementor-section-boxed elementor-section-height-default elementor-section-height-default\" data-id=\"eb9aece\" data-element_type=\"section\">\n\t\t\t\t\t\t<div class=\"elementor-container elementor-column-gap-default\">\n\t\t\t\t\t<div class=\"elementor-column elementor-col-100 elementor-top-column elementor-element elementor-element-92a9db0\" data-id=\"92a9db0\" data-element_type=\"column\">\n\t\t\t<div class=\"elementor-widget-wrap elementor-element-populated\">\n\t\t\t\t\t\t\t\t<div class=\"elementor-element elementor-element-5cf6d4a elementor-widget elementor-widget-text-editor\" data-id=\"5cf6d4a\" data-element_type=\"widget\" data-widget_type=\"text-editor.default\">\n\t\t\t\t<div class=\"elementor-widget-container\">\n\t\t\t\t\t\t\t<p>Nel corso di molti anni un team di studiosi, psicoterapeuti, psicologi e medici, che lavoravano all'interno dell'Unit\u00e0 Operativa di Psicosomatici in Ginecologia e Ostetricia, diretta dal Prof. Mario Scardino, presso la 1a Clinica di Ginecologia e Ostetricia dell'ospedale universitario Umberto 1\u00b0, Universit\u00e0 di Roma \u201c La Sapienza \u201d, la cui attivit\u00e0 clinica e psicoterapica, considerando l'ambiente, era incentrata soprattutto su un progetto specifico per le donne, ha scelto di lavorare principalmente in modo preventivo. Consapevole dell'importanza centrale della relazione intrauterina tra una madre e il bambino nel suo grembo materno, come membro di questa equipe, il mio interesse si \u00e8 concentrato sulla gravidanza, il parto e la genitorialit\u00e0.<span class=\"Apple-converted-space\">\u00a0<\/span><\/p><p>Tutto nasce dalla nascita e dalla natura dei desideri dei genitori. Le radici della nascita sono annidate in quei nove mesi trascorsi nell'utero materno, mesi che sono fondamentali per l'imprinting psicologico del sistema nervoso, dei tratti della personalit\u00e0 e dello stile di attaccamento, ma anche della formazione di potenziali nuclei patogeni. \u00c8 in questa fase della vita che siamo nati per la prima volta, la nostra vera e verticale nascita come individui si verifica qui, mentre il parto, che avr\u00e0 luogo solo alla fine dei nove mesi di gravidanza, rappresenta la nostra nascita familiare orizzontale, quando entriamo a far parte di una famiglia e, anni dopo, nella pubert\u00e0, avremo la nostra nascita sociale, quando diventeremo socialmente presenti e attivi.<span class=\"Apple-converted-space\">\u00a0<\/span><\/p><p>Se siamo interessati a una vera prevenzione, non possiamo non concludere che un intervento protettivo concreto pu\u00f2 essere efficacemente attuato solo utilizzando strumenti specifici che agiscono sulla donna incinta e, in particolare, sulla relazione intrauterina o, pi\u00f9 idealmente, sulla coppia anche prima del concepimento. Qualsiasi altro programma di prevenzione o cura, per quanto utile, subir\u00e0 sempre una differenza di tempo tra l'inizio di un problema e il tempo di intervento e avr\u00e0 quindi solo una funzione riparativa perch\u00e9 agir\u00e0 su un corpo i cui meccanismi patologici sono gi\u00e0 stati strutturati.<\/p><p><strong>La preparazione al parto e alla paternit\u00e0 comprende:<\/strong><\/p>\t\t\t\t\t\t<\/div>\n\t\t\t\t<\/div>\n\t\t\t\t\t<\/div>\n\t\t<\/div>\n\t\t\t\t\t\t\t<\/div>\n\t\t<\/section>\n\t\t\t\t<section class=\"elementor-section elementor-top-section elementor-element elementor-element-6843c61 elementor-section-boxed elementor-section-height-default elementor-section-height-default\" data-id=\"6843c61\" data-element_type=\"section\">\n\t\t\t\t\t\t<div class=\"elementor-container elementor-column-gap-default\">\n\t\t\t\t\t<div class=\"elementor-column elementor-col-100 elementor-top-column elementor-element elementor-element-a63762e\" data-id=\"a63762e\" data-element_type=\"column\">\n\t\t\t<div class=\"elementor-widget-wrap elementor-element-populated\">\n\t\t\t\t\t\t\t\t<div class=\"elementor-element elementor-element-022668f elementor-icon-list--layout-traditional elementor-list-item-link-full_width elementor-widget elementor-widget-icon-list\" data-id=\"022668f\" data-element_type=\"widget\" data-widget_type=\"icon-list.default\">\n\t\t\t\t<div class=\"elementor-widget-container\">\n\t\t\t\t\t<ul class=\"elementor-icon-list-items\">\n\t\t\t\t\t\t\t<li class=\"elementor-icon-list-item\">\n\t\t\t\t\t\t\t\t\t\t\t<span class=\"elementor-icon-list-icon\">\n\t\t\t\t\t\t\t<i aria-hidden=\"true\" class=\"fas fa-check\"><\/i>\t\t\t\t\t\t<\/span>\n\t\t\t\t\t\t\t\t\t\t<span class=\"elementor-icon-list-text\">lo studio delle esperienze di vita dei futuri genitori sia nelle loro condizioni fisiche che psicologiche attraverso le varie fasi della loro vita<\/span>\n\t\t\t\t\t\t\t\t\t<\/li>\n\t\t\t\t\t\t\t\t<li class=\"elementor-icon-list-item\">\n\t\t\t\t\t\t\t\t\t\t\t<span class=\"elementor-icon-list-icon\">\n\t\t\t\t\t\t\t<i aria-hidden=\"true\" class=\"fas fa-check\"><\/i>\t\t\t\t\t\t<\/span>\n\t\t\t\t\t\t\t\t\t\t<span class=\"elementor-icon-list-text\">attraverso l'analisi della matrice pre e perinatale<\/span>\n\t\t\t\t\t\t\t\t\t<\/li>\n\t\t\t\t\t\t\t\t<li class=\"elementor-icon-list-item\">\n\t\t\t\t\t\t\t\t\t\t\t<span class=\"elementor-icon-list-icon\">\n\t\t\t\t\t\t\t<i aria-hidden=\"true\" class=\"fas fa-check\"><\/i>\t\t\t\t\t\t<\/span>\n\t\t\t\t\t\t\t\t\t\t<span class=\"elementor-icon-list-text\">tramite analisi ipno e analisi di ipno-gruppo analisi<\/span>\n\t\t\t\t\t\t\t\t\t<\/li>\n\t\t\t\t\t\t\t\t<li class=\"elementor-icon-list-item\">\n\t\t\t\t\t\t\t\t\t\t\t<span class=\"elementor-icon-list-icon\">\n\t\t\t\t\t\t\t<i aria-hidden=\"true\" class=\"fas fa-check\"><\/i>\t\t\t\t\t\t<\/span>\n\t\t\t\t\t\t\t\t\t\t<span class=\"elementor-icon-list-text\">attraverso specifiche esperienze fisiche ed esercizi mentali, le risposte somatiche individuali aiutano a scoprire il vero s\u00e9 e la natura della relazione con la gravidanza e il feto<\/span>\n\t\t\t\t\t\t\t\t\t<\/li>\n\t\t\t\t\t\t<\/ul>\n\t\t\t\t<\/div>\n\t\t\t\t<\/div>\n\t\t\t\t\t<\/div>\n\t\t<\/div>\n\t\t\t\t\t\t\t<\/div>\n\t\t<\/section>\n\t\t\t\t<section class=\"elementor-section elementor-top-section elementor-element elementor-element-d1990dc elementor-section-boxed elementor-section-height-default elementor-section-height-default\" data-id=\"d1990dc\" data-element_type=\"section\">\n\t\t\t\t\t\t<div class=\"elementor-container elementor-column-gap-default\">\n\t\t\t\t\t<div class=\"elementor-column elementor-col-100 elementor-top-column elementor-element elementor-element-606e342\" data-id=\"606e342\" data-element_type=\"column\">\n\t\t\t<div class=\"elementor-widget-wrap elementor-element-populated\">\n\t\t\t\t\t\t\t\t<div class=\"elementor-element elementor-element-6fbacec elementor-widget elementor-widget-text-editor\" data-id=\"6fbacec\" data-element_type=\"widget\" data-widget_type=\"text-editor.default\">\n\t\t\t\t<div class=\"elementor-widget-container\">\n\t\t\t\t\t\t\t<strong>Problemi discussi:<strong>\t\t\t\t\t\t<\/div>\n\t\t\t\t<\/div>\n\t\t\t\t\t<\/div>\n\t\t<\/div>\n\t\t\t\t\t\t\t<\/div>\n\t\t<\/section>\n\t\t\t\t<section class=\"elementor-section elementor-top-section elementor-element elementor-element-f9e9da3 elementor-section-boxed elementor-section-height-default elementor-section-height-default\" data-id=\"f9e9da3\" data-element_type=\"section\">\n\t\t\t\t\t\t<div class=\"elementor-container elementor-column-gap-default\">\n\t\t\t\t\t<div class=\"elementor-column elementor-col-100 elementor-top-column elementor-element elementor-element-7dafbde\" data-id=\"7dafbde\" data-element_type=\"column\">\n\t\t\t<div class=\"elementor-widget-wrap elementor-element-populated\">\n\t\t\t\t\t\t\t\t<div class=\"elementor-element elementor-element-72fdf18 elementor-icon-list--layout-traditional elementor-list-item-link-full_width elementor-widget elementor-widget-icon-list\" data-id=\"72fdf18\" data-element_type=\"widget\" data-widget_type=\"icon-list.default\">\n\t\t\t\t<div class=\"elementor-widget-container\">\n\t\t\t\t\t<ul class=\"elementor-icon-list-items\">\n\t\t\t\t\t\t\t<li class=\"elementor-icon-list-item\">\n\t\t\t\t\t\t\t\t\t\t\t<span class=\"elementor-icon-list-icon\">\n\t\t\t\t\t\t\t<i aria-hidden=\"true\" class=\"fas fa-check\"><\/i>\t\t\t\t\t\t<\/span>\n\t\t\t\t\t\t\t\t\t\t<span class=\"elementor-icon-list-text\">le radici del progetto per diventare genitore<\/span>\n\t\t\t\t\t\t\t\t\t<\/li>\n\t\t\t\t\t\t\t\t<li class=\"elementor-icon-list-item\">\n\t\t\t\t\t\t\t\t\t\t\t<span class=\"elementor-icon-list-icon\">\n\t\t\t\t\t\t\t<i aria-hidden=\"true\" class=\"fas fa-check\"><\/i>\t\t\t\t\t\t<\/span>\n\t\t\t\t\t\t\t\t\t\t<span class=\"elementor-icon-list-text\">il concepimento<\/span>\n\t\t\t\t\t\t\t\t\t<\/li>\n\t\t\t\t\t\t\t\t<li class=\"elementor-icon-list-item\">\n\t\t\t\t\t\t\t\t\t\t\t<span class=\"elementor-icon-list-icon\">\n\t\t\t\t\t\t\t<i aria-hidden=\"true\" class=\"fas fa-check\"><\/i>\t\t\t\t\t\t<\/span>\n\t\t\t\t\t\t\t\t\t\t<span class=\"elementor-icon-list-text\">a vita intrauterina e relazione con la madre e, attraverso di essa, relazione con il mondo esterno<\/span>\n\t\t\t\t\t\t\t\t\t<\/li>\n\t\t\t\t\t\t\t\t<li class=\"elementor-icon-list-item\">\n\t\t\t\t\t\t\t\t\t\t\t<span class=\"elementor-icon-list-icon\">\n\t\t\t\t\t\t\t<i aria-hidden=\"true\" class=\"fas fa-check\"><\/i>\t\t\t\t\t\t<\/span>\n\t\t\t\t\t\t\t\t\t\t<span class=\"elementor-icon-list-text\">il parto<\/span>\n\t\t\t\t\t\t\t\t\t<\/li>\n\t\t\t\t\t\t\t\t<li class=\"elementor-icon-list-item\">\n\t\t\t\t\t\t\t\t\t\t\t<span class=\"elementor-icon-list-icon\">\n\t\t\t\t\t\t\t<i aria-hidden=\"true\" class=\"fas fa-check\"><\/i>\t\t\t\t\t\t<\/span>\n\t\t\t\t\t\t\t\t\t\t<span class=\"elementor-icon-list-text\">la nascita<\/span>\n\t\t\t\t\t\t\t\t\t<\/li>\n\t\t\t\t\t\t\t\t<li class=\"elementor-icon-list-item\">\n\t\t\t\t\t\t\t\t\t\t\t<span class=\"elementor-icon-list-icon\">\n\t\t\t\t\t\t\t<i aria-hidden=\"true\" class=\"fas fa-check\"><\/i>\t\t\t\t\t\t<\/span>\n\t\t\t\t\t\t\t\t\t\t<span class=\"elementor-icon-list-text\">l'importanza delle esperienze nelle prime ore dopo la consegna<\/span>\n\t\t\t\t\t\t\t\t\t<\/li>\n\t\t\t\t\t\t<\/ul>\n\t\t\t\t<\/div>\n\t\t\t\t<\/div>\n\t\t\t\t\t<\/div>\n\t\t<\/div>\n\t\t\t\t\t\t\t<\/div>\n\t\t<\/section>\n\t\t\t\t<section class=\"elementor-section elementor-top-section elementor-element elementor-element-4067cf7 elementor-section-boxed elementor-section-height-default elementor-section-height-default\" data-id=\"4067cf7\" data-element_type=\"section\">\n\t\t\t\t\t\t<div class=\"elementor-container elementor-column-gap-default\">\n\t\t\t\t\t<div class=\"elementor-column elementor-col-100 elementor-top-column elementor-element elementor-element-353032f\" data-id=\"353032f\" data-element_type=\"column\">\n\t\t\t<div class=\"elementor-widget-wrap elementor-element-populated\">\n\t\t\t\t\t\t\t\t<div class=\"elementor-element elementor-element-353d245 elementor-widget elementor-widget-text-editor\" data-id=\"353d245\" data-element_type=\"widget\" data-widget_type=\"text-editor.default\">\n\t\t\t\t<div class=\"elementor-widget-container\">\n\t\t\t\t\t\t\t<p>L'analisi della matrice pre e perinatale \u00e8 uno strumento diagnostico sviluppato nel 1970 da Jon RG e Troya Turner. 22 domande specifiche ci aiutano a studiare la struttura mentale ed emotiva del feto. Scopriamo che non solo siamo la sintesi del nostro DNA genitoriale, ma anche una sintesi del forte impatto emotivo delle esperienze materne sul feto nel suo grembo e delle sue convinzioni consce e non conscie legate alle sue esperienze durante la gravidanza. Attraverso la coscienza della madre e il meccanismo psicofisiologico del suo corpo, lo sviluppo psicofisico del feto e della sua coscienza \u00e8 influenzato da tutte le risposte emotive e mentali della madre alle sue esperienze di vita. \u00c8 ovvio che maggiore \u00e8 il coinvolgimento emotivo della madre in una determinata situazione, maggiore \u00e8 il suo impatto sul feto. \u00c8 in questa relazione che troviamo la fonte dei modelli psicofisici del nuovo essere umano, che pu\u00f2 essere esaltante e vantaggioso, ma anche potenzialmente patogeno.<\/p><p>Come strumento psicoterapico specifico per la relazione intrauterina, propongo l'uso di autoipnosi individuale e autoipnosi di gruppo, grazie alla quale \u00e8 possibile avere una profonda scoperta esperienziale di tutte le dimensioni del S\u00e9 della madre e del padre (S\u00e9 somatico, S\u00e9 emotivo, S\u00e9 mentale e S\u00e9 intuitivo o spirituale), regredendo e ri-sperimentando la propria fase di vita intrauterina e la propria nascita e la verbalizzazione, la decodifica e l\u2019elaborazione di esperienze emotive che, se dovessero rimanere non coscienti e sconosciute, potrebbe essere proiettato sul feto e, in futuro, durante l'infanzia, l'adolescenza o persino l'et\u00e0 adulta, trasformarsi in manifestazioni psicosomatiche. La conoscenza approfondita fisica, cognitiva, e emotiva del proprio corpo ci insegna ad avere un vero controllo sul nostro corpo e, di conseguenza, anche sul processo del parto - anche in relazione al dolore.<\/p><p>L'ipnoterapia ci fornisce la connessione emotivo-esperienziale con la nostra matrice psico-biologica, mentre l'ipnoanalisi di gruppo o l'ipnoanalisi individuale lavora sulla nostra appartenenza individuale-familiare-sociale.<span class=\"Apple-converted-space\">\u00a0<\/span><\/p><p>Questo approccio pu\u00f2 essere utilizzato con donne in gravidanza, con donne diagnosticate ginecologicamente sterili, donne con difficolt\u00e0 di concepimento, donne con rischi psicosomatici durante la gravidanza, donne e uomini che, semplicemente, desiderano prepararsi consapevolmente e in modo appropriato per il loro ruolo di genitori.<span class=\"Apple-converted-space\">\u00a0<\/span><\/p><p>Le sessioni sono settimanali e durano circa due ore. La seduta \u00e8 divisa in quattro fasi: nella prima fase ai partecipanti vengono date informazioni riguardo allo sviluppo fetale e discutono delle loro esperienze della settimana precedente l'incontro, la seconda fase \u00e8 la fase di ipnoanalisi o ipno-gruppoanalisi, in cui quattro esercizi mentale-somatici appositamente progettati che favoriscono una trance ipnotica vigile e la regressione vengono applicate, mentre la terza fase \u00e8 la fase di risveglio dalla trance e l'elaborazione e verbalizzazione dell'esperienza di trance. Lo scopo della regressione \u00e8 quello di esplorare eventi ed esperienze del proprio periodo di vita prenatale in modo da evitare di proiettare esperienze traumatiche personali consciamente o inconsciamente sull'attuale gravidanza o, in modo che tali esperienze possano essere scoperte ed eliminate, poich\u00e9 potrebbero essere probabili fonti di problematiche ginecologiche, psicologiche e somatiche problematiche. La madre, rivivendo la propria vita prenatale, ha anche l'opportunit\u00e0 di recuperare il \"linguaggio fetale\" o i meccanismi di comunicazione utilizzati dal feto e, quindi, facilitare la comunicazione con il bambino nel suo grembo, oltre a interpretare eventuali segnali incompresi che avrebbero potuto essere convertiti in qualche forma di malattia, come ad esempio la nausea. La fase dell'elaborazione individuale o di gruppo si ricollega alla necessit\u00e0 di verbalizzare le esperienze individuali della regressione, in modo di capirle, interpretarle e rielaborarle.<span class=\"Apple-converted-space\">\u00a0<\/span><\/p><p>Le interazioni tra nascita e matrice di gruppo sono molto complesse. Studi a lungo termine affermano che il feto non \u00e8 semplicemente un essere che sta crescendo vegetativamente e che nasce solo attraverso il parto, ma che \u00e8, piuttosto, un essere con la propria sensibilit\u00e0, le proprie capacit\u00e0 motivazionali e comportamentali e gli atteggiamenti nei confronti dell\u2019ambiente esterno. Questi contatti sono per natura fisici, psicologici ed emotivi, oltre che etnologici e antropologici e confermano che il feto \u00e8 consapevole di ci\u00f2 che deve fare in accordo con la sua maturazione encefalica. Queste considerazioni introducono un concetto molto pi\u00f9 importante: il bambino ha una sua personalit\u00e0 che gli consente di percepire e discriminare la relazione della madre nei suoi confronti, la vita emotiva della madre, il \"dialogo\" tra la madre e il figlio (introduzione di b funzioni e funzioni materne). Pertanto, possiamo concludere che il bambino \u00e8 sensibile al sentimento della madre per se stessa e, per estensione logica, verso il suo partner e il suo ambiente (umano e non umano).<span class=\"Apple-converted-space\">\u00a0<\/span><\/p><p>La parola \"matrice\" si riferisce anche alla cultura e quando chiediamo a qualcuno di dirci qual \u00e8 la loro matrice, vogliamo sapere quali sono le loro idee, i loro sentimenti, i loro atteggiamenti, quali sono i valori di base dell'ambiente in cui sono cresciuti. Un altro aspetto riguardante il feto \u00e8 che il suo comportamento relazionale appartiene contemporaneamente alla sua biologia, alla sua psicologia e alla sua sociologia. Queste dimensioni sono psicosomaticamente confuse come residui di questa primitiva fusione biologico-psicologica-sociologica. Oggi molti psicologi clinici pensano che il bambino tenda a conservare la sua omeostasi gi\u00e0 prima della nascita e a garantirsi il benessere personale usando vivaci processi proiettivi, che gli consentono di \"buttare via\" tutto ci\u00f2 che viene percepito come spiacevole e di \"incorporare\" esperienze piacevoli. Tuttavia, anche se, da un lato, la proiezione evita esperienze spiacevoli, dall'altro, \u00e8 importante non attivare eccessivamente questo meccanismo, sia nella fase intrauterina che dopo la nascita, perch\u00e9 altrimenti attiva meccanismi di proiezione massiccia. <span class=\"Apple-converted-space\">\u00a0<\/span><\/p><p>La parte pi\u00f9 profonda e sconosciuta di un individuo ha bisogno pi\u00f9 di comprensione e perci\u00f2 che tende a comunicare che non per l\u2019isolata manifestazione somatica dell'intenzione. Il ruolo del terapeuta \u00e8 quello di considerare i sintomi oltre le rappresentazioni accettate dal paziente, decodificarli e tradurli, anche attraverso l'uso della comunicazione subliminale, al fine di risolvere i problemi.<span class=\"Apple-converted-space\">\u00a0<\/span><\/p><p>L'esperienza di gruppo offre l'opportunit\u00e0 di confrontarsi con persone e ruoli diversi: \"matrice genetica \/ matrice sociale - matrice individuale \/ matrice familiare\": l'individuo fa parte di una rete sociale, in cui, tuttavia, oltre alle ramificazioni orizzontali con gli altri nella comunit\u00e0, ha anche una connessione verticale, che rappresenta il suo patrimonio biologico che si sviluppa durante la sua vita. Pertanto, i disturbi somatici o psicologici non sono solo funzioni della personalit\u00e0 di un individuo, ma anche funzioni di un intero plesso di una rete di relazioni tra molti individui, che pu\u00f2 essere definita come transgenerazionale. Una delle funzioni di un gruppo \u00e8 favorire una maggiore consapevolezza di se stessi in modo da comprendere meglio i propri bisogni.<span class=\"Apple-converted-space\">\u00a0<\/span><\/p><p>Se acquisita molto prima del concepimento, una maggiore conoscenza di se stessi ci offrirebbe la possibilit\u00e0 di una prevenzione primaria veramente efficace e potrebbe essere il punto di partenza per una nuova e vantaggiosa politica sociale per una migliore salute e maggior benessere.<\/p>\t\t\t\t\t\t<\/div>\n\t\t\t\t<\/div>\n\t\t\t\t\t<\/div>\n\t\t<\/div>\n\t\t\t\t\t\t\t<\/div>\n\t\t<\/section>\n\t\t\t\t\t\t\t<\/div>","protected":false},"excerpt":{"rendered":"<p>permanent course for preparation for birth and parenthood In the course of many years a team of scholars, psychotherapists, psychologists and medical doctors, working within the Operative Unit of Psychosomatics in Gynaecology and Obstetricia, at the Ist Clinic of Gynaecology and Obstetricia o of the University hospital Umberto Ist, University of Roma \u201cLa Sapienza\u201d, whose [&hellip;]<\/p>","protected":false},"author":1,"featured_media":0,"parent":0,"menu_order":0,"comment_status":"closed","ping_status":"closed","template":"","meta":[],"_links":{"self":[{"href":"https:\/\/noesi.info\/it\/wp-json\/wp\/v2\/pages\/445"}],"collection":[{"href":"https:\/\/noesi.info\/it\/wp-json\/wp\/v2\/pages"}],"about":[{"href":"https:\/\/noesi.info\/it\/wp-json\/wp\/v2\/types\/page"}],"author":[{"embeddable":true,"href":"https:\/\/noesi.info\/it\/wp-json\/wp\/v2\/users\/1"}],"replies":[{"embeddable":true,"href":"https:\/\/noesi.info\/it\/wp-json\/wp\/v2\/comments?post=445"}],"version-history":[{"count":13,"href":"https:\/\/noesi.info\/it\/wp-json\/wp\/v2\/pages\/445\/revisions"}],"predecessor-version":[{"id":478,"href":"https:\/\/noesi.info\/it\/wp-json\/wp\/v2\/pages\/445\/revisions\/478"}],"wp:attachment":[{"href":"https:\/\/noesi.info\/it\/wp-json\/wp\/v2\/media?parent=445"}],"curies":[{"name":"wp","href":"https:\/\/api.w.org\/{rel}","templated":true}]}}