{"id":93,"date":"2017-12-11T14:21:15","date_gmt":"2017-12-11T14:21:15","guid":{"rendered":"http:\/\/noesi.info\/?page_id=93"},"modified":"2020-11-19T16:29:36","modified_gmt":"2020-11-19T16:29:36","slug":"psychology-of-migration","status":"publish","type":"page","link":"https:\/\/noesi.info\/it\/psychology-of-migration\/","title":{"rendered":"Psicologia della migrazione"},"content":{"rendered":"<div data-elementor-type=\"wp-post\" data-elementor-id=\"93\" class=\"elementor elementor-93\">\n\t\t\t\t\t\t\t\t\t<section class=\"elementor-section elementor-top-section elementor-element elementor-element-a8169e9 elementor-section-boxed elementor-section-height-default elementor-section-height-default\" data-id=\"a8169e9\" data-element_type=\"section\">\n\t\t\t\t\t\t<div class=\"elementor-container elementor-column-gap-default\">\n\t\t\t\t\t<div class=\"elementor-column elementor-col-100 elementor-top-column elementor-element elementor-element-cb6ba47\" data-id=\"cb6ba47\" data-element_type=\"column\">\n\t\t\t<div class=\"elementor-widget-wrap elementor-element-populated\">\n\t\t\t\t\t\t\t\t<div class=\"elementor-element elementor-element-0f6a52c elementor-widget elementor-widget-heading\" data-id=\"0f6a52c\" data-element_type=\"widget\" data-widget_type=\"heading.default\">\n\t\t\t\t<div class=\"elementor-widget-container\">\n\t\t\t<h2 class=\"elementor-heading-title elementor-size-default\">Psicologia della migrazione<\/h2>\t\t<\/div>\n\t\t\t\t<\/div>\n\t\t\t\t<div class=\"elementor-element elementor-element-c93b6a6 elementor-widget-divider--view-line elementor-widget elementor-widget-divider\" data-id=\"c93b6a6\" data-element_type=\"widget\" data-widget_type=\"divider.default\">\n\t\t\t\t<div class=\"elementor-widget-container\">\n\t\t\t\t\t<div class=\"elementor-divider\">\n\t\t\t<span class=\"elementor-divider-separator\">\n\t\t\t\t\t\t<\/span>\n\t\t<\/div>\n\t\t\t\t<\/div>\n\t\t\t\t<\/div>\n\t\t\t\t<div class=\"elementor-element elementor-element-407171b elementor-widget elementor-widget-text-editor\" data-id=\"407171b\" data-element_type=\"widget\" data-widget_type=\"text-editor.default\">\n\t\t\t\t<div class=\"elementor-widget-container\">\n\t\t\t\t\t\t\t<p>Mentre uscivo dalla porta avviandomi verso la libert\u00e0, sapevo che se non avessi abbandonato tutta la rabbia, l\u2019odio e l\u2019amarezza sarei rimasto comunque in prigione.<br \/><em>Nelson Mandela<\/em><\/p>\t\t\t\t\t\t<\/div>\n\t\t\t\t<\/div>\n\t\t\t\t\t<\/div>\n\t\t<\/div>\n\t\t\t\t\t\t\t<\/div>\n\t\t<\/section>\n\t\t\t\t<section class=\"elementor-section elementor-top-section elementor-element elementor-element-a10bd2a elementor-section-boxed elementor-section-height-default elementor-section-height-default\" data-id=\"a10bd2a\" data-element_type=\"section\">\n\t\t\t\t\t\t<div class=\"elementor-container elementor-column-gap-default\">\n\t\t\t\t\t<div class=\"elementor-column elementor-col-66 elementor-top-column elementor-element elementor-element-9b6418a\" data-id=\"9b6418a\" data-element_type=\"column\">\n\t\t\t<div class=\"elementor-widget-wrap elementor-element-populated\">\n\t\t\t\t\t\t\t\t<div class=\"elementor-element elementor-element-b4ec328 elementor-widget elementor-widget-text-editor\" data-id=\"b4ec328\" data-element_type=\"widget\" data-widget_type=\"text-editor.default\">\n\t\t\t\t<div class=\"elementor-widget-container\">\n\t\t\t\t\t\t\t<p>Il fenomeno dell\u2019immigrazione occupa un posto importante nella nostra societ\u00e0 sia come fonte di nuovi significati, sia come fattore esplicante delle contraddizioni della societ\u00e0 occidentale.<\/p><p>Integrazione, multiculturalismo, tolleranza sono diventati termini e concetti fondamentali, ma ricordiamo che molti studi e ricerche hanno rivelato che i tanti e profondi pregiudizi etnici e razziali sono ancora ben presenti e che sono basati soprattutto sull\u2019ignoranza rispetto ai valori culturali dell\u2019altro. Spesso le informazioni dei mass-media sono parziali e superficiali, quando non francamente errate, e possono generare immagini profondamente distorte del problema immigrazione. Infatti, l\u2019immigrazione viene vissuta da molti come un\u2019invasione, un\u2019invasione di un\u2019insieme unitario, compatto - noi, da parte di un numero sconosciuto di entit\u00e0 misteriose e temute \u2013 gli altri, gli stranieri.<\/p><p>Viene in mente una cellula germinale femminile, l\u2019ovulo, circondata da milioni e milioni di cellule germinali maschili, gli spermatozoi, che vogliono invaderla, penetrarla, persino fondersi con questo ovulo. Se l\u2019ovulo non accoglier\u00e0 nessun ospite sia l\u2019ovulo che gli spermatozoi sono destinati ad atrofizzarsi e a morire, ma se, invece, accetta, allora ne sar\u00e0 arricchito e nascer\u00e0 una nuova vita. Perch\u00e9 possa esserci vita \u00e8 necessaria la vicinanza, la comunicazione, l\u2019accettazione, l\u2019integrazione e la fusione.<\/p>\t\t\t\t\t\t<\/div>\n\t\t\t\t<\/div>\n\t\t\t\t\t<\/div>\n\t\t<\/div>\n\t\t\t\t<div class=\"elementor-column elementor-col-33 elementor-top-column elementor-element elementor-element-a787953\" data-id=\"a787953\" data-element_type=\"column\">\n\t\t\t<div class=\"elementor-widget-wrap elementor-element-populated\">\n\t\t\t\t\t\t\t\t<div class=\"elementor-element elementor-element-ba0eaa9 elementor-widget elementor-widget-image\" data-id=\"ba0eaa9\" data-element_type=\"widget\" data-widget_type=\"image.default\">\n\t\t\t\t<div class=\"elementor-widget-container\">\n\t\t\t\t\t\t\t\t\t\t\t\t\t\t\t<img decoding=\"async\" width=\"519\" height=\"519\" src=\"https:\/\/noesi.info\/wp-content\/uploads\/2020\/01\/MIgration.jpg\" class=\"attachment-full size-full wp-image-400\" alt=\"\" loading=\"lazy\" srcset=\"https:\/\/noesi.info\/wp-content\/uploads\/2020\/01\/MIgration.jpg 519w, https:\/\/noesi.info\/wp-content\/uploads\/2020\/01\/MIgration-300x300.jpg 300w, https:\/\/noesi.info\/wp-content\/uploads\/2020\/01\/MIgration-150x150.jpg 150w\" sizes=\"(max-width: 519px) 100vw, 519px\" \/>\t\t\t\t\t\t\t\t\t\t\t\t\t\t\t<\/div>\n\t\t\t\t<\/div>\n\t\t\t\t\t<\/div>\n\t\t<\/div>\n\t\t\t\t\t\t\t<\/div>\n\t\t<\/section>\n\t\t\t\t<section class=\"elementor-section elementor-top-section elementor-element elementor-element-85d00d4 elementor-section-boxed elementor-section-height-default elementor-section-height-default\" data-id=\"85d00d4\" data-element_type=\"section\">\n\t\t\t\t\t\t<div class=\"elementor-container elementor-column-gap-default\">\n\t\t\t\t\t<div class=\"elementor-column elementor-col-100 elementor-top-column elementor-element elementor-element-b990fcb\" data-id=\"b990fcb\" data-element_type=\"column\">\n\t\t\t<div class=\"elementor-widget-wrap elementor-element-populated\">\n\t\t\t\t\t\t\t\t<div class=\"elementor-element elementor-element-94e51db elementor-widget elementor-widget-text-editor\" data-id=\"94e51db\" data-element_type=\"widget\" data-widget_type=\"text-editor.default\">\n\t\t\t\t<div class=\"elementor-widget-container\">\n\t\t\t\t\t\t\t<p>E\u2019 difficile illustrare la dinamica della pluricomunicazione gruppale. Da quanto sopra possiamo, per\u00f2, dire che la gruppalit\u00e0  sta all\u2019origine della vita di ogni essere umano: un piccolo, primordiale ed elementare gruppo, la coppia, fondendo le proprie risorse produce una nuova vita, l\u2019incontro ed il legame dinamico della coppia genitoriale produce una nuova gruppalit\u00e0 genetica, che si manifester\u00e0 in gruppalit\u00e0 emotiva, cognitiva, comportamentale, verbale. In fondo, dalla particella dell\u2019atomo al sistema solare siamo organizzati per sistemi complessi obbligati a dipendere e a scambiare. Nello stesso modo nella societ\u00e0, grazie alle dinamiche fra due o pi\u00f9 persone ed in virt\u00f9 della eterogeneit\u00e0 dei singoli, attraverso lo scambio \u2013 incontro \u2013 scontro, viene tutelata la nascita della matrice simbolica centrale dalla quale attingono i membri del gruppo-societ\u00e0 producendo, per riflesso, il modellamento o la ri-definizione della nuova matrice individuale.<\/p><p>L\u2019incontro, la comunicazione, lo scambio, la fusione portano con se la trasformazione; non si tratta di trasformazioni politiche o di quelle economiche, aspetti solo superficiali, che possono, o meno, contribuire al nostro benessere sul piano materiale, ma riguarda la capacit\u00e0 degli individui di discostarsi dagli eventi, grandi e piccoli, che ingombrano e a volte offuscano la nostra vita, per vedee \u201cl\u2019immagine pi\u00f9 grande\u201d ed il proprio valore umano.<\/p><p>Perch\u00e9 questa \u201cimmagine pi\u00f9 grande\u201d, questo valore umano siano di alto profilo evolutivo \u00e8 necessario assicurare ad ogni essere umano il diritto alla sicurezza, all\u2019identit\u00e0 e all\u2019autostima perch\u00e9 un uomo nato in circostanze di incertezza, di insicurezza, di disperazione, di impotenza, di paura, di terrore e di panico, su quali basi potrebbe costruire una propria capacit\u00e0 di amore, di empatia, di comprensione di tolleranza, di cooperazione fiduciosa e costruttiva con gli altri suoi simili?<\/p><p>So that this wider picture, this human value may be of high evolutionary profile, it is necessary to assure each human being the right to security, to personal identity and self-esteem because on what basis can a human being born in circumstances of insecurity, despair, impotence, terror and panic develop love, empathy, understanding, cooperation, faith and constructiveness towards other human beings?<\/p>\t\t\t\t\t\t<\/div>\n\t\t\t\t<\/div>\n\t\t\t\t\t<\/div>\n\t\t<\/div>\n\t\t\t\t\t\t\t<\/div>\n\t\t<\/section>\n\t\t\t\t\t\t\t<\/div>","protected":false},"excerpt":{"rendered":"<p>the psychology of migration As I walked out the door towards my freedom, I knew that if I did not leave all the anger, hatred and bitterness behind that I would still be in prison.Nelson Mandela Immigration is an important phenomenon in our society. It is important both as a source of new meanings and [&hellip;]<\/p>","protected":false},"author":1,"featured_media":0,"parent":0,"menu_order":0,"comment_status":"closed","ping_status":"closed","template":"","meta":[],"_links":{"self":[{"href":"https:\/\/noesi.info\/it\/wp-json\/wp\/v2\/pages\/93"}],"collection":[{"href":"https:\/\/noesi.info\/it\/wp-json\/wp\/v2\/pages"}],"about":[{"href":"https:\/\/noesi.info\/it\/wp-json\/wp\/v2\/types\/page"}],"author":[{"embeddable":true,"href":"https:\/\/noesi.info\/it\/wp-json\/wp\/v2\/users\/1"}],"replies":[{"embeddable":true,"href":"https:\/\/noesi.info\/it\/wp-json\/wp\/v2\/comments?post=93"}],"version-history":[{"count":13,"href":"https:\/\/noesi.info\/it\/wp-json\/wp\/v2\/pages\/93\/revisions"}],"predecessor-version":[{"id":588,"href":"https:\/\/noesi.info\/it\/wp-json\/wp\/v2\/pages\/93\/revisions\/588"}],"wp:attachment":[{"href":"https:\/\/noesi.info\/it\/wp-json\/wp\/v2\/media?parent=93"}],"curies":[{"name":"wp","href":"https:\/\/api.w.org\/{rel}","templated":true}]}}