{"id":96,"date":"2017-12-11T14:31:24","date_gmt":"2017-12-11T14:31:24","guid":{"rendered":"http:\/\/noesi.info\/?page_id=96"},"modified":"2020-11-26T13:00:09","modified_gmt":"2020-11-26T13:00:09","slug":"pre-and-perinatal-psychology","status":"publish","type":"page","link":"https:\/\/noesi.info\/it\/pre-and-perinatal-psychology\/","title":{"rendered":"Psicologia pre e perinatale"},"content":{"rendered":"<div data-elementor-type=\"wp-post\" data-elementor-id=\"96\" class=\"elementor elementor-96\">\n\t\t\t\t\t\t\t\t\t<section class=\"elementor-section elementor-top-section elementor-element elementor-element-8b7d2d4 elementor-section-boxed elementor-section-height-default elementor-section-height-default\" data-id=\"8b7d2d4\" data-element_type=\"section\">\n\t\t\t\t\t\t<div class=\"elementor-container elementor-column-gap-default\">\n\t\t\t\t\t<div class=\"elementor-column elementor-col-100 elementor-top-column elementor-element elementor-element-1388349\" data-id=\"1388349\" data-element_type=\"column\">\n\t\t\t<div class=\"elementor-widget-wrap elementor-element-populated\">\n\t\t\t\t\t\t\t\t<div class=\"elementor-element elementor-element-1fc98ec elementor-widget elementor-widget-heading\" data-id=\"1fc98ec\" data-element_type=\"widget\" data-widget_type=\"heading.default\">\n\t\t\t\t<div class=\"elementor-widget-container\">\n\t\t\t<h2 class=\"elementor-heading-title elementor-size-default\">Psicologia Pre e Perinatale<\/h2>\t\t<\/div>\n\t\t\t\t<\/div>\n\t\t\t\t<div class=\"elementor-element elementor-element-9bc49b0 elementor-widget-divider--view-line elementor-widget elementor-widget-divider\" data-id=\"9bc49b0\" data-element_type=\"widget\" data-widget_type=\"divider.default\">\n\t\t\t\t<div class=\"elementor-widget-container\">\n\t\t\t\t\t<div class=\"elementor-divider\">\n\t\t\t<span class=\"elementor-divider-separator\">\n\t\t\t\t\t\t<\/span>\n\t\t<\/div>\n\t\t\t\t<\/div>\n\t\t\t\t<\/div>\n\t\t\t\t<div class=\"elementor-element elementor-element-2efdd96 elementor-widget elementor-widget-text-editor\" data-id=\"2efdd96\" data-element_type=\"widget\" data-widget_type=\"text-editor.default\">\n\t\t\t\t<div class=\"elementor-widget-container\">\n\t\t\t\t\t\t\t<p>Se vuoi sapere dove \u00e8 il tuo cuore,<br \/>guarda dove va la tua mente quando fantastica.<\/p>\t\t\t\t\t\t<\/div>\n\t\t\t\t<\/div>\n\t\t\t\t\t<\/div>\n\t\t<\/div>\n\t\t\t\t\t\t\t<\/div>\n\t\t<\/section>\n\t\t\t\t<section class=\"elementor-section elementor-top-section elementor-element elementor-element-7855178 elementor-section-boxed elementor-section-height-default elementor-section-height-default\" data-id=\"7855178\" data-element_type=\"section\">\n\t\t\t\t\t\t<div class=\"elementor-container elementor-column-gap-default\">\n\t\t\t\t\t<div class=\"elementor-column elementor-col-100 elementor-top-column elementor-element elementor-element-f6b9154\" data-id=\"f6b9154\" data-element_type=\"column\">\n\t\t\t<div class=\"elementor-widget-wrap elementor-element-populated\">\n\t\t\t\t\t\t\t\t<div class=\"elementor-element elementor-element-4845371 elementor-widget elementor-widget-text-editor\" data-id=\"4845371\" data-element_type=\"widget\" data-widget_type=\"text-editor.default\">\n\t\t\t\t<div class=\"elementor-widget-container\">\n\t\t\t\t\t\t\t<p>La psicologia e la medicina pre e perinatale sono un campo di ricerca scientifica interdisciplinare relativamente nuovo. L\u2019enfasi \u00e8 sulla interdisciplinariet\u00e0, che sottolinea lo sforzo di diverse discipline, quali la medicina, la psicologia, la psicoanalisi, l\u2019antropologia, la sociologia, la filosofia ed altre, di incontrarsi ed integrarsi nello studio delle domande fondamentali della vita e dei disturbi psichici, fisici e sociali della vita umana.<\/p><p>Attraverso il DNA ognuno rappresenta la sintesi del codice genetico dei propri genitori, che ci da le nostre caratteristiche fisiche, ma, nei nove mesi di gravidanza, si verifica anche una sintesi degli schemi emotivi e cognitivi dei genitori; per cosi dire, si crea un DNA emotivo. In utero il bambino sperimenta continuamente le emozioni e i pensieri materni ed essi diventano gli schemi fondamentali attraverso cui, in futuro, l\u2019individuo interpreter\u00e0 gli stimoli del mondo esterno e che determineranno i suoi bisogni, le sue scelte e il suo modo di agire e reagire nel corso della sua vita.<\/p>\t\t\t\t\t\t<\/div>\n\t\t\t\t<\/div>\n\t\t\t\t\t<\/div>\n\t\t<\/div>\n\t\t\t\t<div class=\"elementor-column elementor-col-33 elementor-top-column elementor-element elementor-element-956ef52\" data-id=\"956ef52\" data-element_type=\"column\">\n\t\t\t<div class=\"elementor-widget-wrap elementor-element-populated\">\n\t\t\t\t\t\t\t\t<div class=\"elementor-element elementor-element-0372b88 elementor-widget elementor-widget-image\" data-id=\"0372b88\" data-element_type=\"widget\" data-widget_type=\"image.default\">\n\t\t\t\t<div class=\"elementor-widget-container\">\n\t\t\t\t\t\t\t\t\t\t\t\t\t\t\t<img decoding=\"async\" width=\"225\" height=\"225\" src=\"https:\/\/noesi.info\/wp-content\/uploads\/2020\/01\/Immagine-per-Pre-perinatal-psychology.jpeg\" class=\"attachment-full size-full wp-image-399\" alt=\"\" loading=\"lazy\" srcset=\"https:\/\/noesi.info\/wp-content\/uploads\/2020\/01\/Immagine-per-Pre-perinatal-psychology.jpeg 225w, https:\/\/noesi.info\/wp-content\/uploads\/2020\/01\/Immagine-per-Pre-perinatal-psychology-150x150.jpeg 150w\" sizes=\"(max-width: 225px) 100vw, 225px\" \/>\t\t\t\t\t\t\t\t\t\t\t\t\t\t\t<\/div>\n\t\t\t\t<\/div>\n\t\t\t\t\t<\/div>\n\t\t<\/div>\n\t\t\t\t\t\t\t<\/div>\n\t\t<\/section>\n\t\t\t\t<section class=\"elementor-section elementor-top-section elementor-element elementor-element-34c3689 elementor-section-boxed elementor-section-height-default elementor-section-height-default\" data-id=\"34c3689\" data-element_type=\"section\">\n\t\t\t\t\t\t<div class=\"elementor-container elementor-column-gap-default\">\n\t\t\t\t\t<div class=\"elementor-column elementor-col-100 elementor-top-column elementor-element elementor-element-596fb1f\" data-id=\"596fb1f\" data-element_type=\"column\">\n\t\t\t<div class=\"elementor-widget-wrap elementor-element-populated\">\n\t\t\t\t\t\t\t\t<div class=\"elementor-element elementor-element-1da8843 elementor-widget elementor-widget-text-editor\" data-id=\"1da8843\" data-element_type=\"widget\" data-widget_type=\"text-editor.default\">\n\t\t\t\t<div class=\"elementor-widget-container\">\n\t\t\t\t\t\t\t<p>Sappiamo, infatti, che ogni pensiero genera un\u2019emozione e vice versa e che ogni emozione e pensiero ha un corrispettivo fisiologico, e poich\u00e9 il feto usufruisce del circolo sanguigno della madre, \u00e8 chiaro che le reazioni fisiologiche materne e il conseguente rilascio di specifici ormoni e neurotrasmettitori non pu\u00f2 che coinvolgere anche l\u2019organismo del feto, in cui circoleranno gli stessi ormoni, generando le stesse reazioni fisiologiche, le stesse emozioni e pensieri che avevano iniziato tutto il processo. Pi\u00f9 sono intensi i pensieri e le emozioni materne, pi\u00f9 sar\u00e0 intensa la reazione fisiologica e pi\u00f9 sar\u00e0 abbondante il rilascio ormonale, pi\u00f9 ne sar\u00e0 riversato nell\u2019organismo fetale.<\/p><p>La gravidanza \u00e8 quindi anche un dialogo attivo fra la madre e il bambino che deve ancora nascere. Lo stadio fetale, intra-uterino, rappresenta l\u2019inizio del continuum della vita umana verso l\u2019auto-realizzazione. La qualit\u00e0 di questo dialogo e di questa relazione sar\u00e0 determinante per la salute e lo sviluppo psico-fisico e sociale del bambino dopo la nascita. La ricerca psicoterapeutica ha dimostrato quanto siano determinanti le influenze emotive negative e i disturbi prenatali del dialogo madre-feto sulle condizioni mentali e fisiche nella vita dell\u2019individuo in tutte le fasi della sua vita e, da qui, anche sulla vita della societ\u00e0 intera. L\u2019attenzione alla vita prenatale \u00e8 l\u2019unica vera forma di prevenzione primaria e qualunque altro programma di prevenzione o di cura, ad esempio per l\u2019adolescenza o per l\u2019et\u00e0 matura, per quanto utile, avr\u00e0 sempre uno scarto temporale e svolger\u00e0 solo una funzione riparativa, poich\u00e9 andr\u00e0 ad agire su un corpo i cui meccanismi patologici si sono strutturati in un epoca molto anteriore.<\/p><p>Si affronta la preparazione al parto e alla genitorialit\u00e0 attraverso:\n- lo studio dell\u2019esperienza di vita negli aspetti fisici e psicologici, ripercorrendo le diverse fasi\n- gli strumenti del approccio Whole-Self Psychology, Philosophy and Education\n- lo strumento della ipnoanalisi individuale e di gruppo<\/p><p>It appears obvious that that any real prevention must take place before or, at the latest, during the pregnancy and that any intervention in later years can have only a reparative function.<\/p>\t\t\t\t\t\t<\/div>\n\t\t\t\t<\/div>\n\t\t\t\t\t<\/div>\n\t\t<\/div>\n\t\t\t\t\t\t\t<\/div>\n\t\t<\/section>\n\t\t\t\t<section class=\"elementor-section elementor-top-section elementor-element elementor-element-bf90f83 elementor-section-boxed elementor-section-height-default elementor-section-height-default\" data-id=\"bf90f83\" data-element_type=\"section\">\n\t\t\t\t\t\t<div class=\"elementor-container elementor-column-gap-default\">\n\t\t\t\t\t<div class=\"elementor-column elementor-col-100 elementor-top-column elementor-element elementor-element-60d389d\" data-id=\"60d389d\" data-element_type=\"column\">\n\t\t\t<div class=\"elementor-widget-wrap elementor-element-populated\">\n\t\t\t\t\t\t\t\t<div class=\"elementor-element elementor-element-c00f37f elementor-tabs-view-vertical elementor-widget elementor-widget-tabs\" data-id=\"c00f37f\" data-element_type=\"widget\" data-widget_type=\"tabs.default\">\n\t\t\t\t<div class=\"elementor-widget-container\">\n\t\t\t\t\t<div class=\"elementor-tabs\">\n\t\t\t<div class=\"elementor-tabs-wrapper\" role=\"tablist\" >\n\t\t\t\t\t\t\t\t\t<div id=\"elementor-tab-title-2011\" class=\"elementor-tab-title elementor-tab-desktop-title\" aria-selected=\"true\" data-tab=\"1\" role=\"tab\" tabindex=\"0\" aria-controls=\"elementor-tab-content-2011\" aria-expanded=\"false\">Ambiti di intervento<\/div>\n\t\t\t\t\t\t\t\t\t<div id=\"elementor-tab-title-2012\" class=\"elementor-tab-title elementor-tab-desktop-title\" aria-selected=\"false\" data-tab=\"2\" role=\"tab\" tabindex=\"-1\" aria-controls=\"elementor-tab-content-2012\" aria-expanded=\"false\">Argomenti trattati<\/div>\n\t\t\t\t\t\t\t<\/div>\n\t\t\t<div class=\"elementor-tabs-content-wrapper\" role=\"tablist\" aria-orientation=\"vertical\">\n\t\t\t\t\t\t\t\t\t<div class=\"elementor-tab-title elementor-tab-mobile-title\" aria-selected=\"true\" data-tab=\"1\" role=\"tab\" tabindex=\"0\" aria-controls=\"elementor-tab-content-2011\" aria-expanded=\"false\">Ambiti di intervento<\/div>\n\t\t\t\t\t<div id=\"elementor-tab-content-2011\" class=\"elementor-tab-content elementor-clearfix\" data-tab=\"1\" role=\"tabpanel\" aria-labelledby=\"elementor-tab-title-2011\" tabindex=\"0\" hidden=\"false\"><ul><li>amenorea, anoressia, bulimia, menopausa, sviluppo in adolescenza<\/li><li>la malattia oncologica in ginecologia edostetricia<\/li><\/ul><ul><li>intervento chirurgico (paura dell\u2019anestesia, del dolore fisico, ripresa psicofisica post-operatoria)<\/li><\/ul><ul><li>parto prematuro, aborto spontaneo, sicologia prenatale, IVG, Fivet<\/li><\/ul><\/div>\n\t\t\t\t\t\t\t\t\t<div class=\"elementor-tab-title elementor-tab-mobile-title\" aria-selected=\"false\" data-tab=\"2\" role=\"tab\" tabindex=\"-1\" aria-controls=\"elementor-tab-content-2012\" aria-expanded=\"false\">Argomenti trattati<\/div>\n\t\t\t\t\t<div id=\"elementor-tab-content-2012\" class=\"elementor-tab-content elementor-clearfix\" data-tab=\"2\" role=\"tabpanel\" aria-labelledby=\"elementor-tab-title-2012\" tabindex=\"0\" hidden=\"hidden\"><ul><li>nascita del progetto di diventare genitore<\/li><li>il concepimento<\/li><li>la vita intra uterina e il rapporto con la madre e con il mondo esterno attraverso il rapporto con la madre<\/li><li>il parto<\/li><li>la nascita<\/li><li>L'importanza delle prime esperienze nelle prima ore dopo la nascita<\/li><\/ul><\/div>\n\t\t\t\t\t\t\t<\/div>\n\t\t<\/div>\n\t\t\t\t<\/div>\n\t\t\t\t<\/div>\n\t\t\t\t\t<\/div>\n\t\t<\/div>\n\t\t\t\t\t\t\t<\/div>\n\t\t<\/section>\n\t\t\t\t\t\t\t<\/div>","protected":false},"excerpt":{"rendered":"<p>Pre and Perinatal Psychology If you want to know where your heart is,look where your mind goes when it wonders. Starting from the consideration that everything stems from birth, or better still, from conception, the intra-uterine period of life is a crucial period of psycho-biological imprinting during which our personality and our style of attachment [&hellip;]<\/p>","protected":false},"author":1,"featured_media":0,"parent":0,"menu_order":0,"comment_status":"closed","ping_status":"closed","template":"","meta":[],"_links":{"self":[{"href":"https:\/\/noesi.info\/it\/wp-json\/wp\/v2\/pages\/96"}],"collection":[{"href":"https:\/\/noesi.info\/it\/wp-json\/wp\/v2\/pages"}],"about":[{"href":"https:\/\/noesi.info\/it\/wp-json\/wp\/v2\/types\/page"}],"author":[{"embeddable":true,"href":"https:\/\/noesi.info\/it\/wp-json\/wp\/v2\/users\/1"}],"replies":[{"embeddable":true,"href":"https:\/\/noesi.info\/it\/wp-json\/wp\/v2\/comments?post=96"}],"version-history":[{"count":26,"href":"https:\/\/noesi.info\/it\/wp-json\/wp\/v2\/pages\/96\/revisions"}],"predecessor-version":[{"id":676,"href":"https:\/\/noesi.info\/it\/wp-json\/wp\/v2\/pages\/96\/revisions\/676"}],"wp:attachment":[{"href":"https:\/\/noesi.info\/it\/wp-json\/wp\/v2\/media?parent=96"}],"curies":[{"name":"wp","href":"https:\/\/api.w.org\/{rel}","templated":true}]}}